{"id":68,"date":"2016-11-04T21:51:03","date_gmt":"2016-11-04T20:51:03","guid":{"rendered":"http:\/\/hrusovany.casd.cz\/?page_id=68"},"modified":"2020-05-14T10:49:15","modified_gmt":"2020-05-14T08:49:15","slug":"kdo-jsme","status":"publish","type":"page","link":"https:\/\/hrusovany.casd.cz\/index.php\/kdo-jsme\/","title":{"rendered":"Kdo jsme"},"content":{"rendered":"<p>C\u00edrkev adventist\u016f sedm\u00e9ho dne<\/p>\n<h1 class=\"page\">Kdo jsme?<\/h1>\n<div class=\"entry entry-page\">\n<p>Jsme spole\u010denstv\u00ed v\u011b\u0159\u00edc\u00edch, kte\u0159\u00ed stav\u00ed svoji \u017eivotn\u00ed filozofii na biblick\u00fdch z\u00e1sad\u00e1ch. \u010clenem na\u0161\u00ed c\u00edrkve se m\u016f\u017ee st\u00e1t kdokoli na z\u00e1klad\u011b dobrovoln\u00e9ho rozhodnut\u00ed a vyzn\u00e1n\u00ed v\u00edry, kter\u00e9mu p\u0159edch\u00e1z\u00ed sezn\u00e1men\u00ed s hlavn\u00edmi z\u00e1sadami Bible. Jako sbor tvo\u0159\u00edme \u201evelkou rodinu\u201c, ve kter\u00e9 m\u016f\u017ee ka\u017ed\u00fd naj\u00edt sv\u00e9 m\u00edsto a z\u00e1zem\u00ed. N\u00e1\u0161 sbor (budova) je ekonomicky nez\u00e1visl\u00fd, n\u00e1klady na provoz jsou hrazeny z dobrovoln\u00fdch p\u0159\u00edsp\u011bvk\u016f \u010dlen\u016f.<\/p>\n<p>Uv\u011b\u0159ili jsme tomu, \u017ee ne v\u0161echno, co se v na\u0161ich<br \/>\n\u017eivotech d\u011bje, je jen d\u00edlem n\u00e1hody.<br \/>\nUv\u011b\u0159ili jsme tomu, \u017ee n\u00e1\u0161 \u017eivot m\u00e1 smysl<br \/>\na \u017ee smrt\u00ed pro n\u00e1s nic nekon\u010d\u00ed.<br \/>\nUv\u011b\u0159ili jsem tomu, \u017ee n\u00e1\u0161 B\u016fh \u2013 B\u016fh k\u0159es\u0165an\u016f je natolik<br \/>\nmiluj\u00edc\u00edm Bohem, \u017ee dal sv\u00e9ho syna Je\u017e\u00ed\u0161e Krista jako<br \/>\nob\u011b\u0165 za z\u00e1chranu ka\u017ed\u00e9ho lidsk\u00e9ho \u017eivota.<\/p>\n<p>Uv\u011b\u0159ili jsme, \u017ee pro spasen\u00ed sta\u010d\u00ed jen uv\u011b\u0159it a d\u016fv\u011b\u0159ovat.<br \/>\nUv\u011b\u0159ili jsme, \u017ee Bible je \u017eiv\u00e9 Bo\u017e\u00ed slovo a \u017ee m\u00e1 moc<br \/>\nm\u011bnit lidsk\u00e9 \u017eivoty a rozn\u00e1\u0161et dobro.<\/p>\n<p>Uv\u011b\u0159ili jsme, \u017ee Bible plat\u00ed st\u00e1le a to tak, jak byla kdysi<br \/>\nnaps\u00e1na \u2013 od za\u010d\u00e1tku a\u017e do konce.<\/p>\n<p>Uv\u011b\u0159ili jsme, \u017ee B\u016fh m\u00e1 pevn\u011b v rukou d\u011bjiny sv\u011bta<br \/>\na \u017ee se vr\u00e1t\u00ed na zem i podruh\u00e9.<br \/>\nV\u00edme, \u017ee nab\u00eddka \u017e\u00edt s Bohem je nab\u00eddkou<br \/>\nkvalitn\u011bj\u0161\u00edho \u017eivota, to jsme pro\u017eili a pro\u017e\u00edv\u00e1me\u2026.<\/p>\n<p>Obecn\u00e1 proklamace na\u0161\u00ed v\u00edry je jedna v\u011bc, av\u0161ak kdo jsme skute\u010dn\u011b? Co jsme ka\u017ed\u00fd z n\u00e1s za\u010d? V \u010dem se jako jednotliv\u00ed v\u011b\u0159\u00edc\u00ed li\u0161\u00edme a co n\u00e1s naopak spojuje? Jak\u00e9 jsou na\u0161e p\u0159\u00edb\u011bhy \u017eivota a p\u0159\u00edb\u011bhy v\u00edry? Jak jsme se k v\u00ed\u0159e vlastn\u011b dostali a jak ji pro\u017e\u00edv\u00e1me? Chcete \u2013 li n\u00e1s nejd\u0159\u00edve trochu \u201eneosobn\u011b\u201c poznat, je pro v\u00e1s ur\u010dena tato str\u00e1nka.&nbsp; Je to o lidech z CASD Hru\u0161ovany nad Jevi\u0161ovkou.<\/p>\n<\/div>\n","protected":false},"excerpt":{"rendered":"<p>C\u00edrkev adventist\u016f sedm\u00e9ho dne Kdo jsme? Jsme spole\u010denstv\u00ed v\u011b\u0159\u00edc\u00edch, kte\u0159\u00ed stav\u00ed svoji \u017eivotn\u00ed filozofii na biblick\u00fdch z\u00e1sad\u00e1ch. \u010clenem na\u0161\u00ed c\u00edrkve se m\u016f\u017ee st\u00e1t kdokoli na z\u00e1klad\u011b dobrovoln\u00e9ho rozhodnut\u00ed a vyzn\u00e1n\u00ed v\u00edry, kter\u00e9mu p\u0159edch\u00e1z\u00ed sezn\u00e1men\u00ed s hlavn\u00edmi z\u00e1sadami Bible. Jako sbor tvo\u0159\u00edme \u201evelkou rodinu\u201c, ve kter\u00e9 m\u016f\u017ee ka\u017ed\u00fd naj\u00edt sv\u00e9 m\u00edsto a z\u00e1zem\u00ed. N\u00e1\u0161 sbor (budova) &hellip; <a href=\"https:\/\/hrusovany.casd.cz\/index.php\/kdo-jsme\/\" class=\"more-link\">Pokra\u010dov\u00e1n\u00ed textu <span class=\"screen-reader-text\">Kdo jsme<\/span><\/a><\/p>\n","protected":false},"author":2,"featured_media":0,"parent":0,"menu_order":0,"comment_status":"closed","ping_status":"closed","template":"","meta":{"ngg_post_thumbnail":0,"footnotes":""},"class_list":["post-68","page","type-page","status-publish","hentry"],"_links":{"self":[{"href":"https:\/\/hrusovany.casd.cz\/index.php\/wp-json\/wp\/v2\/pages\/68","targetHints":{"allow":["GET"]}}],"collection":[{"href":"https:\/\/hrusovany.casd.cz\/index.php\/wp-json\/wp\/v2\/pages"}],"about":[{"href":"https:\/\/hrusovany.casd.cz\/index.php\/wp-json\/wp\/v2\/types\/page"}],"author":[{"embeddable":true,"href":"https:\/\/hrusovany.casd.cz\/index.php\/wp-json\/wp\/v2\/users\/2"}],"replies":[{"embeddable":true,"href":"https:\/\/hrusovany.casd.cz\/index.php\/wp-json\/wp\/v2\/comments?post=68"}],"version-history":[{"count":4,"href":"https:\/\/hrusovany.casd.cz\/index.php\/wp-json\/wp\/v2\/pages\/68\/revisions"}],"predecessor-version":[{"id":1468,"href":"https:\/\/hrusovany.casd.cz\/index.php\/wp-json\/wp\/v2\/pages\/68\/revisions\/1468"}],"wp:attachment":[{"href":"https:\/\/hrusovany.casd.cz\/index.php\/wp-json\/wp\/v2\/media?parent=68"}],"curies":[{"name":"wp","href":"https:\/\/api.w.org\/{rel}","templated":true}]}}