{"id":655,"date":"2017-02-03T19:53:33","date_gmt":"2017-02-03T18:53:33","guid":{"rendered":"http:\/\/hrusovany.casd.cz\/?page_id=655"},"modified":"2023-07-28T22:44:29","modified_gmt":"2023-07-28T20:44:29","slug":"foto-sboru","status":"publish","type":"page","link":"https:\/\/hrusovany.casd.cz\/index.php\/foto-sboru\/","title":{"rendered":"Foto sboru"},"content":{"rendered":"<h3>&nbsp;<\/h3>\n<h3>&nbsp;<\/h3>\n<h3><span style=\"color: #008000;\"><a style=\"color: #008000;\" href=\"https:\/\/photos.app.goo.gl\/ZsuGPwgaifKTBNLM8\">P\u00e1lava 22.4.2023<\/a><\/span><\/h3>\n<h3><span style=\"color: #802980;\"><a style=\"color: #802980;\" href=\"https:\/\/photos.app.goo.gl\/GNaMfxXsWjNjqXXGA\">50. v\u00fdro\u010d\u00ed sboru &#8211; br Stan\u011bk&nbsp; <span style=\"color: #8a228a;\">23.4.2022<\/span> <\/a><\/span><\/h3>\n<h3><span style=\"color: #800000;\"><a style=\"color: #800000;\" href=\"https:\/\/photos.app.goo.gl\/GNGX1bHHSCVidcEV7\">Cyklochata 22. &#8211; 24. 10. 2021<\/a><\/span><\/h3>\n<h3><span style=\"color: #800000;\"><a style=\"color: #800000;\" href=\"https:\/\/photos.app.goo.gl\/KZvVBZahCd34fydVA\">Sobota odpoledne s br. Vesel\u00fdm Martinem 11.9.2021<\/a><\/span><\/h3>\n<h3><span style=\"color: #008000;\"><a style=\"color: #008000;\" href=\"https:\/\/photos.app.goo.gl\/oVfEf7yE1ZyzF7kq9\">Program d\u011bt\u00ed na ukon\u010den\u00ed \u0161koln\u00edho roku 6.7.2019<\/a><\/span><\/h3>\n<h3><span style=\"color: #008000;\"><a style=\"color: #008000;\" href=\"https:\/\/photos.app.goo.gl\/bq6yRZQAgLhNz8tf8\">P\u0159iv\u00edt\u00e1n\u00ed M\u00ed\u0161i Cihl\u00e1\u0159ov\u00e9 do sboru a br. Vlad\u00e1r<\/a> 1.6.2019<\/span><\/h3>\n<h3><span style=\"color: #008000;\"><a style=\"color: #008000;\" href=\"https:\/\/photos.app.goo.gl\/eMBwpEEDZPiQHwos8\">M\u00ed\u0161a Cihl\u00e1\u0159ov\u00e1, k\u0159est, 31.5.2019<\/a><\/span><\/h3>\n<h3><span style=\"color: #008000;\"><a style=\"color: #008000;\" href=\"https:\/\/photos.app.goo.gl\/e19YNYDMKr9MUBpU7\">Novoro\u010dn\u00ed bes\u00eddka d\u011bt\u00ed 19.1.2019<\/a><\/span><\/h3>\n<h3><span style=\"color: #993300;\"><a style=\"color: #993300;\" href=\"https:\/\/photos.app.goo.gl\/h6oLtcvUsKejeA4X7\" target=\"_blank\" rel=\"noopener noreferrer\">Program d\u011bt\u00ed 23.6.2018<\/a><\/span><\/h3>\n<h3><strong><span style=\"color: #993300;\"><a style=\"color: #993300;\" href=\"https:\/\/photos.app.goo.gl\/xhc9wV2PoFWaxcWi2\">P\u00e1lava 19.5.2018<\/a><\/span><\/strong><\/h3>\n<h3><a href=\"https:\/\/photos.app.goo.gl\/fnYnv12y3UwjWQzQ8\"><span style=\"color: #993300;\">P\u00e1lava 29.4.2018<\/span><\/a><\/h3>\n<h3><a href=\"https:\/\/photos.app.goo.gl\/DYCAMK1NzE3v8A0o2\"><span style=\"color: #993300;\">Po hrani\u010dn\u00ed sign\u00e1lce 7.4.2018<\/span><\/a><\/h3>\n<h3><a href=\"https:\/\/photos.app.goo.gl\/LfVtPPpAY9N2q7iG3\"><span style=\"color: #993300;\">Program d\u011bt\u00ed 24.2.2018<\/span><\/a><\/h3>\n<h3><a href=\"https:\/\/photos.app.goo.gl\/QDJDAOhFjxmZqFVl2\"><span style=\"color: #993300;\">Poh\u0159eb br. Pra\u017eana<\/span><\/a><\/h3>\n<h3><a href=\"https:\/\/photos.app.goo.gl\/OjmGVW7Fluff0mqk1\"><span style=\"color: #993300;\">Br. \u0160los\u00e1rek Jar. 10.2.2018<\/span><\/a><\/h3>\n<h3><a href=\"https:\/\/photos.app.goo.gl\/ZaR1K8AcZ7UgMYnR9\"><span style=\"color: #993300;\">Novoro\u010dn\u00ed program 13.1.2018<\/span><\/a><\/h3>\n<h3><a href=\"https:\/\/photos.app.goo.gl\/ifirXPnBxXE96XK03\"><span style=\"color: #993300;\">Br. \u0160imek ml.14.10.2017<\/span><\/a><\/h3>\n<h4><span style=\"color: #993300;\"><a href=\"https:\/\/photos.app.goo.gl\/N69ylDNReT3pzsQn2\">Br. Kloda Karel 2.12.2017<\/a><\/span><\/h4>\n<h3><a href=\"https:\/\/photos.app.goo.gl\/FKQWEv8trHmPybxm1 \"><span style=\"color: #993300;\">Br. Svoboda O.2.9.2017<\/span><\/a><\/h3>\n<h3><span style=\"color: #993300;\"><a href=\"https:\/\/goo.gl\/photos\/EPkRYxARw1jzxLj58\"> Br.Sochor a na Ko\u010di\u010d\u00ed sk\u00e1le 26.8.2017<\/a><\/span><\/h3>\n<h3><a href=\"https:\/\/goo.gl\/photos\/s7n8ybSHQm881hoj6\"><span style=\"color: #993300;\">Tabulov\u00e1 hora 12.8.2017<\/span><\/a><\/h3>\n<h3><span style=\"color: #993300;\"><a href=\"https:\/\/goo.gl\/photos\/1oNSYU2SnZEKUYbY7\">Ve sbo\u0159e a na Svat\u00e9m kope\u010dku 29.7.2017<\/a><\/span><\/h3>\n<h3><span style=\"color: #993300;\"><a style=\"color: #993300;\" href=\"https:\/\/photos.app.goo.gl\/DQK1szq2HhfK3GmF3\">Sobota s br. Sta\u0148kem. 15.7.2017<\/a><\/span><\/h3>\n<h3><span style=\"color: #993300;\"><a style=\"color: #993300;\" href=\"https:\/\/goo.gl\/photos\/Y5ReTNQD5k6ebSTaA\">Sobota s br. Mi\u0161kejem E. 1.7.2017<\/a><\/span><\/h3>\n<h3><span style=\"color: #993300;\"><a style=\"color: #993300;\" href=\"https:\/\/goo.gl\/photos\/1exCBaAyQ5tKYVkd7\">Sobota s d\u011btsk\u00fdm programem 24.6.2017<\/a><\/span><\/h3>\n<h3><span style=\"color: #993300;\"><a style=\"color: #993300;\" href=\"https:\/\/goo.gl\/photos\/BTyj6ZpYT4dyFRyS8\">Br. Hre\u0148o M.&nbsp;10.6.2017<\/a><\/span><\/h3>\n<h3>&nbsp;<span style=\"color: #993300;\"><a style=\"color: #993300;\" href=\"https:\/\/goo.gl\/photos\/Uz5qvi9mtRfpE4Wk9\">Br. \u010c\u00edk Petr 3.6.2017<\/a><\/span><\/h3>\n<h3><span style=\"color: #993300;\"><a style=\"color: #993300;\" href=\"https:\/\/goo.gl\/photos\/v3oGtnzaGUMXQHTi9\">Br. Vlad\u00e1r Ludo&nbsp;20.5.2017<\/a><\/span><\/h3>\n<h3><span style=\"color: #993300;\"><a style=\"color: #993300;\" href=\"https:\/\/goo.gl\/photos\/5CqoPPpd2Z1yWeYu8\">V Ivan\u010dic\u00edch 13.5.3017<\/a><\/span><\/h3>\n<h3><span style=\"color: #993300;\"><a style=\"color: #993300;\" href=\"https:\/\/goo.gl\/photos\/eYPWVziCEkMnLpSG9\">Br. Krynsk\u00fd 1.4.2017<\/a><\/span><\/h3>\n<h3><span style=\"color: #993300;\"><a style=\"color: #993300;\" href=\"https:\/\/goo.gl\/photos\/Nosevy3eJbwEBS869\">Sobota 25.3.2017<\/a><\/span><\/h3>\n<h3><span style=\"color: #993300;\"><a style=\"color: #993300;\" href=\"https:\/\/goo.gl\/photos\/AkXz22DxtPMEcrMP9\">Br. Stejskal 18.3.207<\/a><\/span><\/h3>\n<h3><span style=\"color: #993300;\"><a style=\"color: #993300;\" href=\"https:\/\/goo.gl\/photos\/5cRQjaiDURUoFDJL8\">Br. Dym\u00e1\u010dek 4.2.2017<\/a><\/span><\/h3>\n<h3><span style=\"color: #800000;\"><a style=\"color: #800000;\" href=\"https:\/\/goo.gl\/photos\/4S9KyvY32Fs1myJx7\">Novoro\u010dn\u00ed sobota 7.1.2017<\/a><\/span><\/h3>\n<h3><span style=\"color: #800000;\"><a style=\"color: #800000;\" href=\"https:\/\/goo.gl\/photos\/oxmW7onS49iputM6A\">Turnov 9. a 10.7.2016<\/a>&nbsp;&nbsp;&nbsp;<\/span>&nbsp;&nbsp;&nbsp;&nbsp;&nbsp;&nbsp;&nbsp;<\/h3>\n<h3><span style=\"color: #800000;\"><a style=\"color: #800000;\" href=\"https:\/\/goo.gl\/photos\/o1v5Fy39MZ7zmuebA\">Sbor Hru\u0161ovany<\/a><\/span><\/h3>\n<h3><span style=\"color: #800000;\"><a style=\"color: #800000;\" href=\"https:\/\/goo.gl\/photos\/FrLU4y5bUEdN7mAV9\">Novoro\u010dn\u00ed sobota 2.1.2016<\/a><\/span><\/h3>\n<h3><span style=\"color: #800000;\"><a style=\"color: #800000;\" href=\"https:\/\/goo.gl\/photos\/TLJ4WFASn79QfGi88\">50.V\u00fdro\u010d\u00ed Macanov\u00fdch<\/a><\/span><\/h3>\n<p>&nbsp;<\/p>\n<p>&nbsp;<\/p>\n","protected":false},"excerpt":{"rendered":"<p>&nbsp; &nbsp; P\u00e1lava 22.4.2023 50. v\u00fdro\u010d\u00ed sboru &#8211; br Stan\u011bk&nbsp; 23.4.2022 Cyklochata 22. &#8211; 24. 10. 2021 Sobota odpoledne s br. Vesel\u00fdm Martinem 11.9.2021 Program d\u011bt\u00ed na ukon\u010den\u00ed \u0161koln\u00edho roku 6.7.2019 P\u0159iv\u00edt\u00e1n\u00ed M\u00ed\u0161i Cihl\u00e1\u0159ov\u00e9 do sboru a br. Vlad\u00e1r 1.6.2019 M\u00ed\u0161a Cihl\u00e1\u0159ov\u00e1, k\u0159est, 31.5.2019 Novoro\u010dn\u00ed bes\u00eddka d\u011bt\u00ed 19.1.2019 Program d\u011bt\u00ed 23.6.2018 P\u00e1lava 19.5.2018 P\u00e1lava 29.4.2018 &hellip; <a href=\"https:\/\/hrusovany.casd.cz\/index.php\/foto-sboru\/\" class=\"more-link\">Pokra\u010dov\u00e1n\u00ed textu <span class=\"screen-reader-text\">Foto sboru<\/span><\/a><\/p>\n","protected":false},"author":2,"featured_media":0,"parent":0,"menu_order":0,"comment_status":"closed","ping_status":"closed","template":"","meta":{"ngg_post_thumbnail":0,"footnotes":""},"class_list":["post-655","page","type-page","status-publish","hentry"],"_links":{"self":[{"href":"https:\/\/hrusovany.casd.cz\/index.php\/wp-json\/wp\/v2\/pages\/655","targetHints":{"allow":["GET"]}}],"collection":[{"href":"https:\/\/hrusovany.casd.cz\/index.php\/wp-json\/wp\/v2\/pages"}],"about":[{"href":"https:\/\/hrusovany.casd.cz\/index.php\/wp-json\/wp\/v2\/types\/page"}],"author":[{"embeddable":true,"href":"https:\/\/hrusovany.casd.cz\/index.php\/wp-json\/wp\/v2\/users\/2"}],"replies":[{"embeddable":true,"href":"https:\/\/hrusovany.casd.cz\/index.php\/wp-json\/wp\/v2\/comments?post=655"}],"version-history":[{"count":4,"href":"https:\/\/hrusovany.casd.cz\/index.php\/wp-json\/wp\/v2\/pages\/655\/revisions"}],"predecessor-version":[{"id":2068,"href":"https:\/\/hrusovany.casd.cz\/index.php\/wp-json\/wp\/v2\/pages\/655\/revisions\/2068"}],"wp:attachment":[{"href":"https:\/\/hrusovany.casd.cz\/index.php\/wp-json\/wp\/v2\/media?parent=655"}],"curies":[{"name":"wp","href":"https:\/\/api.w.org\/{rel}","templated":true}]}}