{"id":33,"date":"2016-11-04T19:48:40","date_gmt":"2016-11-04T18:48:40","guid":{"rendered":"http:\/\/hrusovany.casd.cz\/?page_id=33"},"modified":"2024-08-10T19:15:53","modified_gmt":"2024-08-10T17:15:53","slug":"kontakt","status":"publish","type":"page","link":"https:\/\/hrusovany.casd.cz\/index.php\/kontakt\/","title":{"rendered":"Kontakt"},"content":{"rendered":"<p>&nbsp;<\/p>\n<p>Kazatel&nbsp; &nbsp; &nbsp; &nbsp; Kantor Radek<\/p>\n<p>Mob.&nbsp; 775 789 012<\/p>\n<p>E-mail&nbsp; &nbsp; &nbsp; &nbsp; rkantor@casd.cz<\/p>\n<p>Modlitebna<\/p>\n<p>Hru\u0161ovany nad Jevi\u0161ovkou<\/p>\n<p>Kosteln\u00ed 515<\/p>\n<p>GPS&nbsp; 48.8300403N, 16.4048972E<\/p>\n<p><a class=\"ngg-fancybox\" title=\" \" href=\"http:\/\/hrusovany.casd.cz\/Galerie\/mapa-sboru\/mapy1.png\" rel=\"\" data-src=\"http:\/\/hrusovany.casd.cz\/Galerie\/mapa-sboru\/mapy1.png\" data-title=\"mapy1\" data-description=\" \" data-thumbnail=\"http:\/\/hrusovany.casd.cz\/Galerie\/mapa-sboru\/thumbs\/thumbs_mapy1.png\" data-image-id=\"207\"><img decoding=\"async\" class=\"ngg-singlepic ngg-none\" src=\"http:\/\/hrusovany.casd.cz\/Galerie\/mapa-sboru\/thumbs\/thumbs_mapy1.png\" alt=\"mapy1\"><\/a><\/p>\n<p>&nbsp;<\/p>\n<p>&nbsp;<\/p>\n","protected":false},"excerpt":{"rendered":"<p>&nbsp; Kazatel&nbsp; &nbsp; &nbsp; &nbsp; Kantor Radek Mob.&nbsp; 775 789 012 E-mail&nbsp; &nbsp; &nbsp; &nbsp; rkantor@casd.cz Modlitebna Hru\u0161ovany nad Jevi\u0161ovkou Kosteln\u00ed 515 GPS&nbsp; 48.8300403N, 16.4048972E &nbsp; &nbsp;<\/p>\n","protected":false},"author":2,"featured_media":0,"parent":0,"menu_order":0,"comment_status":"closed","ping_status":"closed","template":"","meta":{"ngg_post_thumbnail":0,"footnotes":""},"class_list":["post-33","page","type-page","status-publish","hentry"],"_links":{"self":[{"href":"https:\/\/hrusovany.casd.cz\/index.php\/wp-json\/wp\/v2\/pages\/33","targetHints":{"allow":["GET"]}}],"collection":[{"href":"https:\/\/hrusovany.casd.cz\/index.php\/wp-json\/wp\/v2\/pages"}],"about":[{"href":"https:\/\/hrusovany.casd.cz\/index.php\/wp-json\/wp\/v2\/types\/page"}],"author":[{"embeddable":true,"href":"https:\/\/hrusovany.casd.cz\/index.php\/wp-json\/wp\/v2\/users\/2"}],"replies":[{"embeddable":true,"href":"https:\/\/hrusovany.casd.cz\/index.php\/wp-json\/wp\/v2\/comments?post=33"}],"version-history":[{"count":6,"href":"https:\/\/hrusovany.casd.cz\/index.php\/wp-json\/wp\/v2\/pages\/33\/revisions"}],"predecessor-version":[{"id":2111,"href":"https:\/\/hrusovany.casd.cz\/index.php\/wp-json\/wp\/v2\/pages\/33\/revisions\/2111"}],"wp:attachment":[{"href":"https:\/\/hrusovany.casd.cz\/index.php\/wp-json\/wp\/v2\/media?parent=33"}],"curies":[{"name":"wp","href":"https:\/\/api.w.org\/{rel}","templated":true}]}}