{"id":2,"date":"2016-09-28T22:33:06","date_gmt":"2016-09-28T20:33:06","guid":{"rendered":"http:\/\/hrusovany.casd.cz\/?page_id=2"},"modified":"2024-06-30T19:10:44","modified_gmt":"2024-06-30T17:10:44","slug":"sobotni-bohosluzba","status":"publish","type":"page","link":"https:\/\/hrusovany.casd.cz\/index.php\/sobotni-bohosluzba\/","title":{"rendered":"Sobotn\u00ed Bohoslu\u017eba"},"content":{"rendered":"<div class=\"entry-content\">&nbsp;<\/div>\n<div class=\"entry-content\">\n<h5><span style=\"color: #008000;\">M\u016f\u017eete tak\u00e9 sledovat pobo\u017enosti&nbsp; Online na n\u011bkter\u00fdch sborech. Nebo na&nbsp; &nbsp;<a href=\"http:\/\/www.hopetv.cz\/\">HopeTV.cz.<\/a><\/span><\/h5>\n<hr>\n<p><strong>Pobo\u017enosti v Hru\u0161ovanech nad Jevi\u0161ovkou se konaj\u00ed ka\u017edou sobotu&nbsp;&nbsp;<\/strong><\/p>\n<h4>9.30 -10.45&nbsp;&nbsp; Studium Bo\u017e\u00edho slova&nbsp;<\/h4>\n<h4><span style=\"color: #808080;\"><strong><span style=\"color: #808080;\"> V 3. \u010dtvrtlet\u00ed 2024 &#8211; <span style=\"color: #ff6600;\">Evangelium podle Marka<\/span><\/span><\/strong><\/span><\/h4>\n<h4>11.00 \u2013 12.00&nbsp; K\u00e1z\u00e1n\u00ed<\/h4>\n<\/div>\n<hr>\n<p><span style=\"color: #000080;\"><strong>Program &nbsp; k\u00e1z\u00e1n\u00ed <span style=\"color: #333399;\">sboru<\/span> Hru\u0161ovany nad Jevi\u0161ovkou <\/strong><\/span><\/p>\n<h5><span style=\"color: #000080;\"><strong><span style=\"color: #2c9c1f;\">&nbsp;<span style=\"color: #ff6600;\">3<\/span><\/span><span style=\"color: #008000;\"><span style=\"color: #3366ff;\"><span style=\"color: #ff6600;\">. Q 2024<\/span>&nbsp;<\/span> &nbsp;<\/span><\/strong><\/span><\/h5>\n<p>Datum&nbsp; &nbsp; &nbsp; &nbsp; K\u00e1z\u00e1n\u00ed<\/p>\n<ul>\n<li style=\"text-align: left;\">&nbsp; &nbsp;6.7.&nbsp; &nbsp; &nbsp; &nbsp; &nbsp; &nbsp; B\u011b\u017eek L.<\/li>\n<li>&nbsp;13.7.&nbsp; &nbsp; &nbsp; &nbsp; &nbsp; &nbsp; Ja\u0161a L<\/li>\n<li>&nbsp;20.7.&nbsp; &nbsp; &nbsp; &nbsp; &nbsp; &nbsp; B\u011b\u017eek L.<\/li>\n<li>&nbsp;27.7.&nbsp; &nbsp; &nbsp; &nbsp; &nbsp; &nbsp; Macho\u0148 Z.&nbsp; &nbsp; &nbsp; &nbsp; &nbsp;&nbsp;<\/li>\n<li>&nbsp; &nbsp;3.8.&nbsp; &nbsp; &nbsp; &nbsp; &nbsp; &nbsp; Cihl\u00e1\u0159 M.&nbsp;<\/li>\n<li>&nbsp;10.8.&nbsp; &nbsp; &nbsp; &nbsp; &nbsp; &nbsp; Sochor J.&nbsp;&nbsp;<\/li>\n<li>&nbsp;17.8.&nbsp; &nbsp; &nbsp; &nbsp; &nbsp; &nbsp; Kantor R.<\/li>\n<li>&nbsp;24.8.&nbsp; &nbsp; &nbsp; &nbsp; &nbsp; &nbsp; Kantor R.<\/li>\n<li>&nbsp;31.8.&nbsp; &nbsp; &nbsp; &nbsp; &nbsp; &nbsp; Nov\u00e1k V.<strong>&nbsp;<span style=\"color: #ff0000;\">&nbsp;<\/span><\/strong><\/li>\n<li>&nbsp; &nbsp;7.9.&nbsp; &nbsp; &nbsp; &nbsp; &nbsp; &nbsp; \u017di\u017eka L.<\/li>\n<li>14.9.&nbsp; &nbsp; &nbsp; &nbsp; &nbsp; &nbsp; &nbsp;H\u0159ib P.<\/li>\n<li>&nbsp;21.9.&nbsp; &nbsp; &nbsp; &nbsp; &nbsp; &nbsp; Kantor R. <span style=\"color: #ff0000;\"><strong>VP<\/strong><\/span><\/li>\n<li>&nbsp;28.9.&nbsp; &nbsp; &nbsp; &nbsp; &nbsp; &nbsp; Sovi\u0161 P..<\/li>\n<\/ul>\n<p><em>Luk\u00e1\u0161 4:16 &nbsp;P\u0159i\u0161el do Nazareta, kde vyrostl. Podle sv\u00e9ho oby\u010deje ve\u0161el v sobotn\u00ed den do synag\u00f3gy a povstal, aby \u010detl z P\u00edsma.<\/em><\/p>\n<p>&nbsp;<\/p>\n<div class=\"entry-content\">\n<hr>\n<\/div>\n<p>&nbsp;<\/p>\n","protected":false},"excerpt":{"rendered":"<p>&nbsp; M\u016f\u017eete tak\u00e9 sledovat pobo\u017enosti&nbsp; Online na n\u011bkter\u00fdch sborech. Nebo na&nbsp; &nbsp;HopeTV.cz. Pobo\u017enosti v Hru\u0161ovanech nad Jevi\u0161ovkou se konaj\u00ed ka\u017edou sobotu&nbsp;&nbsp; 9.30 -10.45&nbsp;&nbsp; Studium Bo\u017e\u00edho slova&nbsp; V 3. \u010dtvrtlet\u00ed 2024 &#8211; Evangelium podle Marka 11.00 \u2013 12.00&nbsp; K\u00e1z\u00e1n\u00ed Program &nbsp; k\u00e1z\u00e1n\u00ed sboru Hru\u0161ovany nad Jevi\u0161ovkou &nbsp;3. Q 2024&nbsp; &nbsp; Datum&nbsp; &nbsp; &nbsp; &nbsp; K\u00e1z\u00e1n\u00ed &nbsp; &hellip; <a href=\"https:\/\/hrusovany.casd.cz\/index.php\/sobotni-bohosluzba\/\" class=\"more-link\">Pokra\u010dov\u00e1n\u00ed textu <span class=\"screen-reader-text\">Sobotn\u00ed Bohoslu\u017eba<\/span><\/a><\/p>\n","protected":false},"author":2,"featured_media":0,"parent":0,"menu_order":0,"comment_status":"closed","ping_status":"closed","template":"","meta":{"ngg_post_thumbnail":0,"footnotes":""},"class_list":["post-2","page","type-page","status-publish","hentry"],"_links":{"self":[{"href":"https:\/\/hrusovany.casd.cz\/index.php\/wp-json\/wp\/v2\/pages\/2","targetHints":{"allow":["GET"]}}],"collection":[{"href":"https:\/\/hrusovany.casd.cz\/index.php\/wp-json\/wp\/v2\/pages"}],"about":[{"href":"https:\/\/hrusovany.casd.cz\/index.php\/wp-json\/wp\/v2\/types\/page"}],"author":[{"embeddable":true,"href":"https:\/\/hrusovany.casd.cz\/index.php\/wp-json\/wp\/v2\/users\/2"}],"replies":[{"embeddable":true,"href":"https:\/\/hrusovany.casd.cz\/index.php\/wp-json\/wp\/v2\/comments?post=2"}],"version-history":[{"count":5,"href":"https:\/\/hrusovany.casd.cz\/index.php\/wp-json\/wp\/v2\/pages\/2\/revisions"}],"predecessor-version":[{"id":2097,"href":"https:\/\/hrusovany.casd.cz\/index.php\/wp-json\/wp\/v2\/pages\/2\/revisions\/2097"}],"wp:attachment":[{"href":"https:\/\/hrusovany.casd.cz\/index.php\/wp-json\/wp\/v2\/media?parent=2"}],"curies":[{"name":"wp","href":"https:\/\/api.w.org\/{rel}","templated":true}]}}