{"id":188,"date":"2017-01-10T09:52:14","date_gmt":"2017-01-10T08:52:14","guid":{"rendered":"http:\/\/hrusovany.casd.cz\/?page_id=188"},"modified":"2024-08-24T16:14:03","modified_gmt":"2024-08-24T14:14:03","slug":"video","status":"publish","type":"page","link":"https:\/\/hrusovany.casd.cz\/index.php\/video\/","title":{"rendered":"Video"},"content":{"rendered":"<h3><span style=\"color: #993300;\"><a style=\"color: #993300;\" href=\"https:\/\/youtu.be\/SeYkkij5GTQ\">Kantor R. Luk.15, 11-32.&nbsp; &nbsp; 24.8.2024<\/a><\/span><\/h3>\n<h3><span style=\"color: #993300;\"><a style=\"color: #993300;\" href=\"https:\/\/youtu.be\/V-OHWCAF15s\">Kantor R. Luk. 15, 17.8.2024<\/a><\/span><\/h3>\n<h3><span style=\"color: #993300;\"><a style=\"color: #993300;\" href=\"http:\/\/hrusovany.casd.cz\/wp-content\/uploads\/2024\/07\/Nase-hudebni-rodina-2024-05-25-.mp4\">Na\u0161e hudebn\u00ed rodina 25.5.2024<\/a><\/span><\/h3>\n<h3><span style=\"color: #0000ff;\"><a style=\"color: #0000ff;\" href=\"https:\/\/youtu.be\/-MBNW2yh6_M?si=OZtw8PQCpMZ5Melg\">Ch\u00e1n V. &#8222;Elen Whiteov\u00e1 v 21. stolet\u00ed&#8220; 24.2.2024<\/a><\/span><\/h3>\n<h3><a href=\"https:\/\/youtu.be\/VzivUhM1KgI\"><span style=\"color: #0000ff;\">Ch\u00e1n V. &#8222;T\u0159i p\u0159\u00edstupy k EGW.&#8220; 24.2.2024<\/span><\/a><\/h3>\n<h3><span style=\"color: #3366ff;\"><a style=\"color: #3366ff;\" href=\"https:\/\/youtu.be\/hLtNsRl4yMU\">Dym\u00e1\u010dek Tom\u00e1\u0161 &#8222;Ezdr\u00e1\u0161 34-37&#8220; 17.2.2024<\/a><\/span><\/h3>\n<h3><span style=\"color: #008000;\"><a style=\"color: #008000;\" href=\"https:\/\/youtu.be\/I8y5NoOWqn4\">Dym\u00e1\u010dek Jan &#8222;Snad&#8220; 15.7.2023<\/a><\/span><\/h3>\n<h3><span style=\"color: #008000;\"><a style=\"color: #008000;\" href=\"https:\/\/youtu.be\/TewSsxdTOwg\">Kaleta Vladim\u00edr 18.2.2023<\/a><\/span><\/h3>\n<h3><span style=\"color: #800080;\"><a style=\"color: #800080;\" href=\"https:\/\/youtu.be\/6ixG3u4TEAI\">Vurst V. 29.10.2022<\/a><\/span><\/h3>\n<h3><span style=\"color: #800080;\"><a style=\"color: #800080;\" href=\"https:\/\/www.youtube.com\/watch?v=nx7BH0iW7rs\">Jonczy Z. 15.10.2022<\/a><\/span><\/h3>\n<h3><span style=\"color: #800080;\"><a style=\"color: #800080;\" href=\"https:\/\/youtu.be\/tvcCIJHF0KU\">Homola Rostislav 6.8.2022<\/a><\/span><\/h3>\n<h3><a href=\"https:\/\/youtu.be\/iOhhSwpgzGo\"><span style=\"color: #800080;\">Kloda Karel 4.6.2022<\/span><\/a><\/h3>\n<h3><span style=\"color: #800080;\"><a style=\"color: #800080;\" href=\"https:\/\/youtu.be\/2MpY6vLvab4\">Kogut Zdenek 28.5.2022<\/a>&nbsp;<\/span><\/h3>\n<h3><span style=\"color: #800080;\"><a style=\"color: #800080;\" href=\"https:\/\/youtu.be\/JNwuV5tEuXY\">Sobota s br. Petrem Podsedn\u00edkem 30.4.2022<\/a><\/span><\/h3>\n<h3><span style=\"color: #800080;\"><a style=\"color: #800080;\" href=\"https:\/\/youtu.be\/wF37YTpyNqo\">50. let od otev\u0159en\u00ed nov\u00e9ho sboru v Hru\u0161ovanech 23.4.2022<\/a><\/span><\/h3>\n<h3><span style=\"color: #993300;\"><a style=\"color: #993300;\" href=\"http:\/\/www.podpovrchom.sk\/\">Studium Bible, kniha Zjeven\u00ed Jana<\/a><\/span><\/h3>\n<h3><span style=\"color: #008000;\"><a style=\"color: #008000;\" href=\"https:\/\/youtu.be\/8BiSDT1xvK0\">2300 ve\u010der\u016f a jiter<\/a><\/span><\/h3>\n<h3><a href=\"https:\/\/youtu.be\/mWDdQ6lfjjs\"><span style=\"color: #008000;\">Svatyn\u011b<\/span><\/a><\/h3>\n<h3><span style=\"color: #008000;\"><a style=\"color: #008000;\" href=\"https:\/\/youtu.be\/UZQYKm7FGLw\">Sobota<\/a><\/span><\/h3>\n<h3><span style=\"color: #008000;\"><a style=\"color: #008000;\" href=\"https:\/\/youtu.be\/wNx5RgICLZs\">Konec sv\u011bta<\/a><\/span><\/h3>\n<h3><span style=\"color: #008000;\"><a style=\"color: #008000;\" href=\"https:\/\/youtu.be\/9TdMTdtMGp4\">Pavou\u010d\u00ed s\u00ed\u0165 tajemna<\/a><\/span><\/h3>\n<h3><span style=\"color: #008000;\"><a style=\"color: #008000;\" href=\"https:\/\/youtu.be\/HX6ruHei9_c\">\u010clov\u011bk rozebran\u00fd na sou\u010d\u00e1stky<\/a><\/span><\/h3>\n<h3><span style=\"color: #003300;\"><a style=\"color: #003300;\" href=\"https:\/\/youtu.be\/VO2j5BdXN7A\"><span style=\"color: #008000;\">Duch svat\u00fd &#8211;<\/span> m\u016fj p\u0159\u00edmluvce<\/a><\/span><\/h3>\n<h3><span style=\"color: #008000;\"><a style=\"color: #008000;\" href=\"https:\/\/youtu.be\/dbQsZHfK66c\">O p\u016fvodu zla<\/a><\/span><\/h3>\n<p><span style=\"color: #993300;\"><a style=\"color: #993300;\" href=\"https:\/\/www.youtube.com\/watch?v=F6pz6roTEs4\">Velikono\u010dn\u00ed recept pokoje na hlavu i srdce<\/a> &nbsp; <span style=\"color: #000000;\">Vesel\u00fd Martin<\/span><\/span><\/p>\n<p><span style=\"color: #993300;\"><a style=\"color: #993300;\" href=\"https:\/\/www.youtube.com\/watch?v=UtiIku7A3Qw&amp;feature=youtu.be\">Obavy z tmav\u00e9ho \u00fadol\u00ed<\/a><\/span> &nbsp;&nbsp;&nbsp; Vesel\u00fd Martin<\/p>\n<p><span style=\"color: #800000;\"><a style=\"color: #800000;\" href=\"https:\/\/www.youtube.com\/watch?v=XYlkLzaxhcA\">Moj\u017e\u00ed\u0161, praotec modern\u00e9j epidemiol\u00f3gie<\/a> &nbsp;&nbsp;&nbsp; <span style=\"color: #000000;\">Bielik Stanislav<\/span><\/span><\/p>\n","protected":false},"excerpt":{"rendered":"<p>Kantor R. Luk.15, 11-32.&nbsp; &nbsp; 24.8.2024 Kantor R. Luk. 15, 17.8.2024 Na\u0161e hudebn\u00ed rodina 25.5.2024 Ch\u00e1n V. &#8222;Elen Whiteov\u00e1 v 21. stolet\u00ed&#8220; 24.2.2024 Ch\u00e1n V. &#8222;T\u0159i p\u0159\u00edstupy k EGW.&#8220; 24.2.2024 Dym\u00e1\u010dek Tom\u00e1\u0161 &#8222;Ezdr\u00e1\u0161 34-37&#8220; 17.2.2024 Dym\u00e1\u010dek Jan &#8222;Snad&#8220; 15.7.2023 Kaleta Vladim\u00edr 18.2.2023 Vurst V. 29.10.2022 Jonczy Z. 15.10.2022 Homola Rostislav 6.8.2022 Kloda Karel 4.6.2022 Kogut &hellip; <a href=\"https:\/\/hrusovany.casd.cz\/index.php\/video\/\" class=\"more-link\">Pokra\u010dov\u00e1n\u00ed textu <span class=\"screen-reader-text\">Video<\/span><\/a><\/p>\n","protected":false},"author":2,"featured_media":0,"parent":0,"menu_order":0,"comment_status":"closed","ping_status":"closed","template":"","meta":{"ngg_post_thumbnail":0,"footnotes":""},"class_list":["post-188","page","type-page","status-publish","hentry"],"_links":{"self":[{"href":"https:\/\/hrusovany.casd.cz\/index.php\/wp-json\/wp\/v2\/pages\/188","targetHints":{"allow":["GET"]}}],"collection":[{"href":"https:\/\/hrusovany.casd.cz\/index.php\/wp-json\/wp\/v2\/pages"}],"about":[{"href":"https:\/\/hrusovany.casd.cz\/index.php\/wp-json\/wp\/v2\/types\/page"}],"author":[{"embeddable":true,"href":"https:\/\/hrusovany.casd.cz\/index.php\/wp-json\/wp\/v2\/users\/2"}],"replies":[{"embeddable":true,"href":"https:\/\/hrusovany.casd.cz\/index.php\/wp-json\/wp\/v2\/comments?post=188"}],"version-history":[{"count":4,"href":"https:\/\/hrusovany.casd.cz\/index.php\/wp-json\/wp\/v2\/pages\/188\/revisions"}],"predecessor-version":[{"id":2116,"href":"https:\/\/hrusovany.casd.cz\/index.php\/wp-json\/wp\/v2\/pages\/188\/revisions\/2116"}],"wp:attachment":[{"href":"https:\/\/hrusovany.casd.cz\/index.php\/wp-json\/wp\/v2\/media?parent=188"}],"curies":[{"name":"wp","href":"https:\/\/api.w.org\/{rel}","templated":true}]}}