{"id":1380,"date":"2020-02-17T11:38:48","date_gmt":"2020-02-17T10:38:48","guid":{"rendered":"http:\/\/hrusovany.casd.cz\/?page_id=1380"},"modified":"2022-12-16T20:55:42","modified_gmt":"2022-12-16T19:55:42","slug":"kazani-audio-nahravky","status":"publish","type":"page","link":"https:\/\/hrusovany.casd.cz\/index.php\/kazani-audio-nahravky\/","title":{"rendered":"K\u00e1z\u00e1n\u00ed &#8211; Audio nahr\u00e1vky"},"content":{"rendered":"<p><span style=\"color: #339966;\">29.19.2022&nbsp; Sladk\u00e9 a ho\u0159k\u00e9&nbsp;<\/span> br. Vurst V\u00edt\u011bslav<\/p>\n<audio class=\"wp-audio-shortcode\" id=\"audio-1380-1\" preload=\"none\" style=\"width: 100%;\" controls=\"controls\"><source type=\"audio\/mpeg\" src=\"http:\/\/hrusovany.casd.cz\/wp-content\/uploads\/2022\/12\/Sledke-a-horke.mp3?_=1\" \/><a href=\"http:\/\/hrusovany.casd.cz\/wp-content\/uploads\/2022\/12\/Sledke-a-horke.mp3\">http:\/\/hrusovany.casd.cz\/wp-content\/uploads\/2022\/12\/Sledke-a-horke.mp3<\/a><\/audio>\n<p><span style=\"color: #339966;\">22.10.2022&nbsp; Na sk\u00e1le&nbsp; <span style=\"color: #000000;\">br. Pra\u017ean Daniel<\/span><\/span><\/p>\n<audio class=\"wp-audio-shortcode\" id=\"audio-1380-2\" preload=\"none\" style=\"width: 100%;\" controls=\"controls\"><source type=\"audio\/mpeg\" src=\"http:\/\/hrusovany.casd.cz\/wp-content\/uploads\/2022\/10\/25.-Na-skale.mp3?_=2\" \/><a href=\"http:\/\/hrusovany.casd.cz\/wp-content\/uploads\/2022\/10\/25.-Na-skale.mp3\">http:\/\/hrusovany.casd.cz\/wp-content\/uploads\/2022\/10\/25.-Na-skale.mp3<\/a><\/audio>\n<p><span style=\"color: #008000;\">22.10.2022&nbsp; Poku\u0161en\u00ed&nbsp;&nbsp;<span style=\"color: #000000;\">odpoledne s br. Pra\u017eanem<\/span><\/span><\/p>\n<audio class=\"wp-audio-shortcode\" id=\"audio-1380-3\" preload=\"none\" style=\"width: 100%;\" controls=\"controls\"><source type=\"audio\/mpeg\" src=\"http:\/\/hrusovany.casd.cz\/wp-content\/uploads\/2022\/10\/26.-PokuseniOdpoledne-s-br.-Prazanem-22.10.2022.mp3?_=3\" \/><a href=\"http:\/\/hrusovany.casd.cz\/wp-content\/uploads\/2022\/10\/26.-PokuseniOdpoledne-s-br.-Prazanem-22.10.2022.mp3\">http:\/\/hrusovany.casd.cz\/wp-content\/uploads\/2022\/10\/26.-PokuseniOdpoledne-s-br.-Prazanem-22.10.2022.mp3<\/a><\/audio>\n<p><span style=\"color: #008000;\">5.3.2022&nbsp; Spole\u010denstv\u00ed<\/span> &#8211; Br. Dym\u00e1\u010dek Tom\u00e1\u0161<\/p>\n<audio class=\"wp-audio-shortcode\" id=\"audio-1380-4\" preload=\"none\" style=\"width: 100%;\" controls=\"controls\"><source type=\"audio\/mpeg\" src=\"http:\/\/hrusovany.casd.cz\/wp-content\/uploads\/2022\/03\/Spolecenstvi.mp3?_=4\" \/><a href=\"http:\/\/hrusovany.casd.cz\/wp-content\/uploads\/2022\/03\/Spolecenstvi.mp3\">http:\/\/hrusovany.casd.cz\/wp-content\/uploads\/2022\/03\/Spolecenstvi.mp3<\/a><\/audio>\n<p><span style=\"color: #008000;\">26.2 2022&nbsp; Pr\u016fvodce zm\u011bnami 2022<\/span> &#8211; Br. Vesel\u00fd Martin<\/p>\n<audio class=\"wp-audio-shortcode\" id=\"audio-1380-5\" preload=\"none\" style=\"width: 100%;\" controls=\"controls\"><source type=\"audio\/mpeg\" src=\"http:\/\/hrusovany.casd.cz\/wp-content\/uploads\/2022\/03\/Pruvodce-zmenami-2022.mp3?_=5\" \/><a href=\"http:\/\/hrusovany.casd.cz\/wp-content\/uploads\/2022\/03\/Pruvodce-zmenami-2022.mp3\">http:\/\/hrusovany.casd.cz\/wp-content\/uploads\/2022\/03\/Pruvodce-zmenami-2022.mp3<\/a><\/audio>\n<hr>\n<p><span style=\"color: #800000;\">16.10.2021 Je mi to jedno<\/span> &#8211; Br. Dym\u00e1\u010dek Tom\u00e1\u0161<\/p>\n<audio class=\"wp-audio-shortcode\" id=\"audio-1380-6\" preload=\"none\" style=\"width: 100%;\" controls=\"controls\"><source type=\"audio\/mpeg\" src=\"http:\/\/hrusovany.casd.cz\/wp-content\/uploads\/2022\/03\/Je-mi-to-jedno.mp3?_=6\" \/><a href=\"http:\/\/hrusovany.casd.cz\/wp-content\/uploads\/2022\/03\/Je-mi-to-jedno.mp3\">http:\/\/hrusovany.casd.cz\/wp-content\/uploads\/2022\/03\/Je-mi-to-jedno.mp3<\/a><\/audio>\n<p><span style=\"color: #800000;\">19.6.2021 Sd\u00edlen\u00ed nad\u011bje &#8211; <span style=\"color: #000000;\">Br. Vesel\u00fd Martin<\/span><\/span><\/p>\n<audio class=\"wp-audio-shortcode\" id=\"audio-1380-7\" preload=\"none\" style=\"width: 100%;\" controls=\"controls\"><source type=\"audio\/mpeg\" src=\"http:\/\/hrusovany.casd.cz\/wp-content\/uploads\/2021\/08\/24.Sdileni-nadeje.mp3?_=7\" \/><a href=\"http:\/\/hrusovany.casd.cz\/wp-content\/uploads\/2021\/08\/24.Sdileni-nadeje.mp3\">http:\/\/hrusovany.casd.cz\/wp-content\/uploads\/2021\/08\/24.Sdileni-nadeje.mp3<\/a><\/audio>\n<p><span style=\"color: #800000;\">5.6.2021 Cena u\u010dednictv\u00ed<\/span> &#8211; Br. Vesel\u00fd Martin<\/p>\n<audio class=\"wp-audio-shortcode\" id=\"audio-1380-8\" preload=\"none\" style=\"width: 100%;\" controls=\"controls\"><source type=\"audio\/mpeg\" src=\"http:\/\/hrusovany.casd.cz\/wp-content\/uploads\/2021\/08\/23.Cena-ucednictvi.mp3?_=8\" \/><a href=\"http:\/\/hrusovany.casd.cz\/wp-content\/uploads\/2021\/08\/23.Cena-ucednictvi.mp3\">http:\/\/hrusovany.casd.cz\/wp-content\/uploads\/2021\/08\/23.Cena-ucednictvi.mp3<\/a><\/audio>\n<p><span style=\"color: #800000;\">22.5.2021 Cena n\u00e1sledov\u00e1n\u00ed<\/span> &#8211; Br. Vesel\u00fd Martin<\/p>\n<audio class=\"wp-audio-shortcode\" id=\"audio-1380-9\" preload=\"none\" style=\"width: 100%;\" controls=\"controls\"><source type=\"audio\/mpeg\" src=\"http:\/\/hrusovany.casd.cz\/wp-content\/uploads\/2021\/08\/22.-Cena-nasledovani.mp3?_=9\" \/><a href=\"http:\/\/hrusovany.casd.cz\/wp-content\/uploads\/2021\/08\/22.-Cena-nasledovani.mp3\">http:\/\/hrusovany.casd.cz\/wp-content\/uploads\/2021\/08\/22.-Cena-nasledovani.mp3<\/a><\/audio>\n<hr>\n<p><span style=\"color: #008080;\">23.11.2019 St\u0159edobod cel\u00e9ho k\u0159es\u0165anstv\u00ed<\/span> &#8211; Br. Vesel\u00fd Martin<\/p>\n<audio class=\"wp-audio-shortcode\" id=\"audio-1380-10\" preload=\"none\" style=\"width: 100%;\" controls=\"controls\"><source type=\"audio\/mpeg\" src=\"http:\/\/hrusovany.casd.cz\/wp-content\/uploads\/2020\/02\/St\u0159edobod-cel\u00e9ho-k\u0159es\u0165anstv\u00ed-23.11.2019-.mp3?_=10\" \/><a href=\"http:\/\/hrusovany.casd.cz\/wp-content\/uploads\/2020\/02\/St\u0159edobod-cel\u00e9ho-k\u0159es\u0165anstv\u00ed-23.11.2019-.mp3\">http:\/\/hrusovany.casd.cz\/wp-content\/uploads\/2020\/02\/St\u0159edobod-cel\u00e9ho-k\u0159es\u0165anstv\u00ed-23.11.2019-.mp3<\/a><\/audio>\n<hr>\n<p><span style=\"color: #008080;\">30.11.2019 Luk\u00e1\u0161 7,36&#8230;&nbsp; &#8211; <\/span>Br. Ol. Svoboda<\/p>\n<audio class=\"wp-audio-shortcode\" id=\"audio-1380-11\" preload=\"none\" style=\"width: 100%;\" controls=\"controls\"><source type=\"audio\/mpeg\" src=\"http:\/\/hrusovany.casd.cz\/wp-content\/uploads\/2020\/03\/3.Luk\u00e1\u0161-7.36-Br.-Olda-Svoboda.mp3?_=11\" \/><a href=\"http:\/\/hrusovany.casd.cz\/wp-content\/uploads\/2020\/03\/3.Luk\u00e1\u0161-7.36-Br.-Olda-Svoboda.mp3\">http:\/\/hrusovany.casd.cz\/wp-content\/uploads\/2020\/03\/3.Luk\u00e1\u0161-7.36-Br.-Olda-Svoboda.mp3<\/a><\/audio>\n<hr>\n<p><span style=\"color: #008080;\">7.12.2019 Moj\u017e\u00ed\u0161&nbsp;<\/span> &#8211; Br. Vesel\u00fd Martin<\/p>\n<audio class=\"wp-audio-shortcode\" id=\"audio-1380-12\" preload=\"none\" style=\"width: 100%;\" controls=\"controls\"><source type=\"audio\/mpeg\" src=\"http:\/\/hrusovany.casd.cz\/wp-content\/uploads\/2020\/03\/5.Moj\u017e\u00ed\u0161-7.12.2019-M.-Vesel\u00fd.mp3?_=12\" \/><a href=\"http:\/\/hrusovany.casd.cz\/wp-content\/uploads\/2020\/03\/5.Moj\u017e\u00ed\u0161-7.12.2019-M.-Vesel\u00fd.mp3\">http:\/\/hrusovany.casd.cz\/wp-content\/uploads\/2020\/03\/5.Moj\u017e\u00ed\u0161-7.12.2019-M.-Vesel\u00fd.mp3<\/a><\/audio>\n<hr>\n<p><span style=\"color: #800080;\">4.1.2020&nbsp; K nov\u00e9mu roku<\/span>&nbsp; &#8211; Br. Vesel\u00fd Martin<\/p>\n<audio class=\"wp-audio-shortcode\" id=\"audio-1380-13\" preload=\"none\" style=\"width: 100%;\" controls=\"controls\"><source type=\"audio\/mpeg\" src=\"http:\/\/hrusovany.casd.cz\/wp-content\/uploads\/2020\/02\/4.1.2020-Br.-Vesel\u00fd-Martin.mp3?_=13\" \/><a href=\"http:\/\/hrusovany.casd.cz\/wp-content\/uploads\/2020\/02\/4.1.2020-Br.-Vesel\u00fd-Martin.mp3\">http:\/\/hrusovany.casd.cz\/wp-content\/uploads\/2020\/02\/4.1.2020-Br.-Vesel\u00fd-Martin.mp3<\/a><\/audio>\n<hr>\n<p><span style=\"color: #800080;\">18.1.2020 \u010cty\u0159i kl\u00ed\u010dov\u00e1 rozhodnut\u00ed<\/span> &#8211; Br. Vesel\u00fd Martin<\/p>\n<audio class=\"wp-audio-shortcode\" id=\"audio-1380-14\" preload=\"none\" style=\"width: 100%;\" controls=\"controls\"><source type=\"audio\/mpeg\" src=\"http:\/\/hrusovany.casd.cz\/wp-content\/uploads\/2020\/03\/8.\u010cty\u0159i-kl\u00ed\u010dov\u00e1-rozhodnut\u00ed-2.mp3?_=14\" \/><a href=\"http:\/\/hrusovany.casd.cz\/wp-content\/uploads\/2020\/03\/8.\u010cty\u0159i-kl\u00ed\u010dov\u00e1-rozhodnut\u00ed-2.mp3\">http:\/\/hrusovany.casd.cz\/wp-content\/uploads\/2020\/03\/8.\u010cty\u0159i-kl\u00ed\u010dov\u00e1-rozhodnut\u00ed-2.mp3<\/a><\/audio>\n<hr>\n<p><span style=\"color: #993366;\"><span style=\"color: #800080;\">1.2.2020&nbsp; 3 nejv\u011bt\u0161\u00ed \u017eivotn\u00ed ot\u00e1zky<\/span>&nbsp;<\/span> &#8211; Br. Vesel\u00fd Martin<\/p>\n<audio class=\"wp-audio-shortcode\" id=\"audio-1380-15\" preload=\"none\" style=\"width: 100%;\" controls=\"controls\"><source type=\"audio\/mpeg\" src=\"http:\/\/hrusovany.casd.cz\/wp-content\/uploads\/2020\/02\/3-nejv\u011bt\u0161\u00ed-\u017eivotn\u00ed-ot\u00e1zky-1.2.2020-.mp3?_=15\" \/><a href=\"http:\/\/hrusovany.casd.cz\/wp-content\/uploads\/2020\/02\/3-nejv\u011bt\u0161\u00ed-\u017eivotn\u00ed-ot\u00e1zky-1.2.2020-.mp3\">http:\/\/hrusovany.casd.cz\/wp-content\/uploads\/2020\/02\/3-nejv\u011bt\u0161\u00ed-\u017eivotn\u00ed-ot\u00e1zky-1.2.2020-.mp3<\/a><\/audio>\n<hr>\n<p><span style=\"color: #800080;\">15.2.2020 \u017divot k Bo\u017e\u00ed chv\u00e1le<\/span> &#8211; Br. Vesel\u00fd Martin<\/p>\n<audio class=\"wp-audio-shortcode\" id=\"audio-1380-16\" preload=\"none\" style=\"width: 100%;\" controls=\"controls\"><source type=\"audio\/mpeg\" src=\"http:\/\/hrusovany.casd.cz\/wp-content\/uploads\/2020\/03\/10.\u017divot-k-Bo\u017e\u00ed-chv\u00e1le.mp3?_=16\" \/><a href=\"http:\/\/hrusovany.casd.cz\/wp-content\/uploads\/2020\/03\/10.\u017divot-k-Bo\u017e\u00ed-chv\u00e1le.mp3\">http:\/\/hrusovany.casd.cz\/wp-content\/uploads\/2020\/03\/10.\u017divot-k-Bo\u017e\u00ed-chv\u00e1le.mp3<\/a><\/audio>\n<hr>\n<p><span style=\"color: #800080;\">29.2.2020 Rodina, aneb \u017eivot ve spole\u010denstv\u00ed<\/span> &#8211; Br. Vesel\u00fd Martin<\/p>\n<audio class=\"wp-audio-shortcode\" id=\"audio-1380-17\" preload=\"none\" style=\"width: 100%;\" controls=\"controls\"><source type=\"audio\/mpeg\" src=\"http:\/\/hrusovany.casd.cz\/wp-content\/uploads\/2020\/03\/11.Rodina-aneb-\u017eivot-ve-spole\u010denstv\u00ed.mp3?_=17\" \/><a href=\"http:\/\/hrusovany.casd.cz\/wp-content\/uploads\/2020\/03\/11.Rodina-aneb-\u017eivot-ve-spole\u010denstv\u00ed.mp3\">http:\/\/hrusovany.casd.cz\/wp-content\/uploads\/2020\/03\/11.Rodina-aneb-\u017eivot-ve-spole\u010denstv\u00ed.mp3<\/a><\/audio>\n<hr>\n<p><span style=\"color: #800080;\">7.3.2020 Jak neztr\u00e1cet nad\u011bji<\/span> &#8211; Br. Macho\u0148 Luk\u00e1\u0161<\/p>\n<audio class=\"wp-audio-shortcode\" id=\"audio-1380-18\" preload=\"none\" style=\"width: 100%;\" controls=\"controls\"><source type=\"audio\/mpeg\" src=\"http:\/\/hrusovany.casd.cz\/wp-content\/uploads\/2020\/03\/12.Jak-neztr\u00e1cet-nad\u011bji.mp3?_=18\" \/><a href=\"http:\/\/hrusovany.casd.cz\/wp-content\/uploads\/2020\/03\/12.Jak-neztr\u00e1cet-nad\u011bji.mp3\">http:\/\/hrusovany.casd.cz\/wp-content\/uploads\/2020\/03\/12.Jak-neztr\u00e1cet-nad\u011bji.mp3<\/a><\/audio>\n<hr>\n<p><span style=\"color: #800080;\">23.5.2020 Zrcadlen\u00ed &#8211; Br. Vesel\u00fd Martin<\/span><\/p>\n<audio class=\"wp-audio-shortcode\" id=\"audio-1380-19\" preload=\"none\" style=\"width: 100%;\" controls=\"controls\"><source type=\"audio\/mpeg\" src=\"http:\/\/hrusovany.casd.cz\/wp-content\/uploads\/2020\/06\/13.-Zrcadlen\u00ed.mp3?_=19\" \/><a href=\"http:\/\/hrusovany.casd.cz\/wp-content\/uploads\/2020\/06\/13.-Zrcadlen\u00ed.mp3\">http:\/\/hrusovany.casd.cz\/wp-content\/uploads\/2020\/06\/13.-Zrcadlen\u00ed.mp3<\/a><\/audio>\n<hr>\n<p><span style=\"color: #800080;\">20.6.2020 Posl\u00e1n\u00ed &#8211; Br. Vesel\u00fd Martin<\/span><\/p>\n<audio class=\"wp-audio-shortcode\" id=\"audio-1380-20\" preload=\"none\" style=\"width: 100%;\" controls=\"controls\"><source type=\"audio\/mpeg\" src=\"http:\/\/hrusovany.casd.cz\/wp-content\/uploads\/2020\/06\/16.-Posl\u00e1n\u00ed.mp3?_=20\" \/><a href=\"http:\/\/hrusovany.casd.cz\/wp-content\/uploads\/2020\/06\/16.-Posl\u00e1n\u00ed.mp3\">http:\/\/hrusovany.casd.cz\/wp-content\/uploads\/2020\/06\/16.-Posl\u00e1n\u00ed.mp3<\/a><\/audio>\n<hr>\n<p><span style=\"color: #800080;\">15.8.2020 Kdy\u017e v\u011b\u0159\u00ed\u0161 v Boha, a ve skute\u010dnosti jej nezn\u00e1\u0161. &#8211;<\/span><\/p>\n<p><span style=\"color: #800080;\"> Br. Vesel\u00fd Marin<\/span><\/p>\n<audio class=\"wp-audio-shortcode\" id=\"audio-1380-21\" preload=\"none\" style=\"width: 100%;\" controls=\"controls\"><source type=\"audio\/mpeg\" src=\"http:\/\/hrusovany.casd.cz\/wp-content\/uploads\/2020\/08\/17.Kdyz-veris-v-Boha-ale-ve-skutecnosti-jej-neznas.mp3?_=21\" \/><a href=\"http:\/\/hrusovany.casd.cz\/wp-content\/uploads\/2020\/08\/17.Kdyz-veris-v-Boha-ale-ve-skutecnosti-jej-neznas.mp3\">http:\/\/hrusovany.casd.cz\/wp-content\/uploads\/2020\/08\/17.Kdyz-veris-v-Boha-ale-ve-skutecnosti-jej-neznas.mp3<\/a><\/audio>\n<hr>\n<p><span style=\"color: #800080;\">29.8.2020 Intimita s Bohem &#8211; Br. Vesel\u00fd Martin<\/span><\/p>\n<audio class=\"wp-audio-shortcode\" id=\"audio-1380-22\" preload=\"none\" style=\"width: 100%;\" controls=\"controls\"><source type=\"audio\/mpeg\" src=\"http:\/\/hrusovany.casd.cz\/wp-content\/uploads\/2020\/08\/Intimita-s-Bohem.mp3?_=22\" \/><a href=\"http:\/\/hrusovany.casd.cz\/wp-content\/uploads\/2020\/08\/Intimita-s-Bohem.mp3\">http:\/\/hrusovany.casd.cz\/wp-content\/uploads\/2020\/08\/Intimita-s-Bohem.mp3<\/a><\/audio>\n<hr>\n<p><span style=\"color: #993366;\"><span style=\"color: #800080;\">12.9.2020 Odvaha k poslu\u0161nosti &#8211; Br. Vesel\u00fd Martin<\/span><\/span><\/p>\n<audio class=\"wp-audio-shortcode\" id=\"audio-1380-23\" preload=\"none\" style=\"width: 100%;\" controls=\"controls\"><source type=\"audio\/mpeg\" src=\"http:\/\/hrusovany.casd.cz\/wp-content\/uploads\/2020\/09\/19.-Odvaha-k-poslusnosti.mp3?_=23\" \/><a href=\"http:\/\/hrusovany.casd.cz\/wp-content\/uploads\/2020\/09\/19.-Odvaha-k-poslusnosti.mp3\">http:\/\/hrusovany.casd.cz\/wp-content\/uploads\/2020\/09\/19.-Odvaha-k-poslusnosti.mp3<\/a><\/audio>\n<hr>\n<p><span style=\"color: #800080;\">26.9.2020 Ezechiel 37 &#8211; Br. Vesel\u00fd Martin<\/span><\/p>\n<audio class=\"wp-audio-shortcode\" id=\"audio-1380-24\" preload=\"none\" style=\"width: 100%;\" controls=\"controls\"><source type=\"audio\/mpeg\" src=\"http:\/\/hrusovany.casd.cz\/wp-content\/uploads\/2020\/10\/20.-Ezechiel-37.mp3?_=24\" \/><a href=\"http:\/\/hrusovany.casd.cz\/wp-content\/uploads\/2020\/10\/20.-Ezechiel-37.mp3\">http:\/\/hrusovany.casd.cz\/wp-content\/uploads\/2020\/10\/20.-Ezechiel-37.mp3<\/a><\/audio>\n<hr>\n<p><span style=\"color: #800080;\">10.10.2020 Vliv nebo dojem&nbsp; &#8211;&nbsp; Br. Vesel\u00fd Martin<\/span><\/p>\n<audio class=\"wp-audio-shortcode\" id=\"audio-1380-25\" preload=\"none\" style=\"width: 100%;\" controls=\"controls\"><source type=\"audio\/mpeg\" src=\"http:\/\/hrusovany.casd.cz\/wp-content\/uploads\/2020\/10\/21.-Vliv-nebo-dojem.mp3?_=25\" \/><a href=\"http:\/\/hrusovany.casd.cz\/wp-content\/uploads\/2020\/10\/21.-Vliv-nebo-dojem.mp3\">http:\/\/hrusovany.casd.cz\/wp-content\/uploads\/2020\/10\/21.-Vliv-nebo-dojem.mp3<\/a><\/audio>\n","protected":false},"excerpt":{"rendered":"<p>29.19.2022&nbsp; Sladk\u00e9 a ho\u0159k\u00e9&nbsp; br. Vurst V\u00edt\u011bslav 22.10.2022&nbsp; Na sk\u00e1le&nbsp; br. Pra\u017ean Daniel 22.10.2022&nbsp; Poku\u0161en\u00ed&nbsp;&nbsp;odpoledne s br. Pra\u017eanem 5.3.2022&nbsp; Spole\u010denstv\u00ed &#8211; Br. Dym\u00e1\u010dek Tom\u00e1\u0161 26.2 2022&nbsp; Pr\u016fvodce zm\u011bnami 2022 &#8211; Br. Vesel\u00fd Martin 16.10.2021 Je mi to jedno &#8211; Br. Dym\u00e1\u010dek Tom\u00e1\u0161 19.6.2021 Sd\u00edlen\u00ed nad\u011bje &#8211; Br. Vesel\u00fd Martin 5.6.2021 Cena u\u010dednictv\u00ed &#8211; Br. Vesel\u00fd &hellip; <a href=\"https:\/\/hrusovany.casd.cz\/index.php\/kazani-audio-nahravky\/\" class=\"more-link\">Pokra\u010dov\u00e1n\u00ed textu <span class=\"screen-reader-text\">K\u00e1z\u00e1n\u00ed &#8211; Audio nahr\u00e1vky<\/span><\/a><\/p>\n","protected":false},"author":2,"featured_media":0,"parent":0,"menu_order":0,"comment_status":"closed","ping_status":"closed","template":"","meta":{"ngg_post_thumbnail":0,"footnotes":""},"class_list":["post-1380","page","type-page","status-publish","hentry"],"_links":{"self":[{"href":"https:\/\/hrusovany.casd.cz\/index.php\/wp-json\/wp\/v2\/pages\/1380","targetHints":{"allow":["GET"]}}],"collection":[{"href":"https:\/\/hrusovany.casd.cz\/index.php\/wp-json\/wp\/v2\/pages"}],"about":[{"href":"https:\/\/hrusovany.casd.cz\/index.php\/wp-json\/wp\/v2\/types\/page"}],"author":[{"embeddable":true,"href":"https:\/\/hrusovany.casd.cz\/index.php\/wp-json\/wp\/v2\/users\/2"}],"replies":[{"embeddable":true,"href":"https:\/\/hrusovany.casd.cz\/index.php\/wp-json\/wp\/v2\/comments?post=1380"}],"version-history":[{"count":4,"href":"https:\/\/hrusovany.casd.cz\/index.php\/wp-json\/wp\/v2\/pages\/1380\/revisions"}],"predecessor-version":[{"id":1960,"href":"https:\/\/hrusovany.casd.cz\/index.php\/wp-json\/wp\/v2\/pages\/1380\/revisions\/1960"}],"wp:attachment":[{"href":"https:\/\/hrusovany.casd.cz\/index.php\/wp-json\/wp\/v2\/media?parent=1380"}],"curies":[{"name":"wp","href":"https:\/\/api.w.org\/{rel}","templated":true}]}}