{"id":1207,"date":"2018-02-19T10:55:11","date_gmt":"2018-02-19T09:55:11","guid":{"rendered":"http:\/\/hrusovany.casd.cz\/?page_id=1207"},"modified":"2026-01-07T09:55:51","modified_gmt":"2026-01-07T08:55:51","slug":"uvodni-stranka","status":"publish","type":"page","link":"https:\/\/hrusovany.casd.cz\/","title":{"rendered":"\u00davodn\u00ed str\u00e1nka"},"content":{"rendered":"<p>&nbsp;<\/p>\n<p><img loading=\"lazy\" decoding=\"async\" class=\"size-medium wp-image-136 alignleft\" src=\"http:\/\/hrusovany.casd.cz\/wp-content\/uploads\/2016\/09\/4C_3-300x243.png\" alt=\"\" width=\"300\" height=\"243\"><\/p>\n<p><strong>C\u00edrkev adventist\u016f sedm\u00e9ho dne<\/strong><\/p>\n<p>&nbsp;<\/p>\n<p>&nbsp;<\/p>\n<p>&nbsp;<\/p>\n<hr>\n<p>&nbsp;<\/p>\n<p>&nbsp;<\/p>\n<p><img loading=\"lazy\" decoding=\"async\" class=\"alignnone wp-image-2143 size-full\" src=\"http:\/\/hrusovany.casd.cz\/wp-content\/uploads\/2026\/01\/img20260104_10231562-kopie-scaled.jpg\" alt=\"\" width=\"2560\" height=\"1020\" srcset=\"https:\/\/hrusovany.casd.cz\/wp-content\/uploads\/2026\/01\/img20260104_10231562-kopie-scaled.jpg 2560w, https:\/\/hrusovany.casd.cz\/wp-content\/uploads\/2026\/01\/img20260104_10231562-kopie-300x120.jpg 300w, https:\/\/hrusovany.casd.cz\/wp-content\/uploads\/2026\/01\/img20260104_10231562-kopie-1024x408.jpg 1024w, https:\/\/hrusovany.casd.cz\/wp-content\/uploads\/2026\/01\/img20260104_10231562-kopie-768x306.jpg 768w, https:\/\/hrusovany.casd.cz\/wp-content\/uploads\/2026\/01\/img20260104_10231562-kopie-1536x612.jpg 1536w, https:\/\/hrusovany.casd.cz\/wp-content\/uploads\/2026\/01\/img20260104_10231562-kopie-2048x816.jpg 2048w\" sizes=\"auto, (max-width: 2560px) 100vw, 2560px\" \/><\/p>\n<h4><span style=\"color: #c47a0a;\">P\u0159edev\u0161\u00edm st\u0159e\u017e a chra\u0148 sv\u00e9 srdce, v\u017edy\u0165 z n\u011bho vych\u00e1z\u00ed \u017eivot. P\u0159\u00edslov\u00ed 4:23<\/span><\/h4>\n<hr>\n<p><img loading=\"lazy\" decoding=\"async\" class=\"alignnone wp-image-2144 size-full\" src=\"http:\/\/hrusovany.casd.cz\/wp-content\/uploads\/2026\/01\/img20260104_10231562.jpg\" alt=\"\" width=\"2336\" height=\"2329\" srcset=\"https:\/\/hrusovany.casd.cz\/wp-content\/uploads\/2026\/01\/img20260104_10231562.jpg 2336w, https:\/\/hrusovany.casd.cz\/wp-content\/uploads\/2026\/01\/img20260104_10231562-300x300.jpg 300w, https:\/\/hrusovany.casd.cz\/wp-content\/uploads\/2026\/01\/img20260104_10231562-1024x1021.jpg 1024w, https:\/\/hrusovany.casd.cz\/wp-content\/uploads\/2026\/01\/img20260104_10231562-150x150.jpg 150w, https:\/\/hrusovany.casd.cz\/wp-content\/uploads\/2026\/01\/img20260104_10231562-768x766.jpg 768w, https:\/\/hrusovany.casd.cz\/wp-content\/uploads\/2026\/01\/img20260104_10231562-1536x1531.jpg 1536w, https:\/\/hrusovany.casd.cz\/wp-content\/uploads\/2026\/01\/img20260104_10231562-2048x2042.jpg 2048w\" sizes=\"auto, (max-width: 2336px) 100vw, 2336px\" \/><\/p>\n<h4><span style=\"color: #008000;\">M\u00e1me v n\u011bho pevnou d\u016fv\u011bru, \u017ee n\u00e1s sly\u0161\u00ed, kdykoliv o n\u011bco po\u017e\u00e1d\u00e1me ve shod\u011b s jeho v\u016fl\u00ed. A v\u00edme-li, \u017ee n\u00e1s sly\u0161\u00ed, kdykoliv o n\u011bco \u017e\u00e1d\u00e1me, pak tak\u00e9 v\u00edme, \u017ee to, co m\u00e1me, jsme dostali od n\u011bho. 1. list Jan\u016fv 5:14-15<\/span><\/h4>\n<hr>\n<p><span style=\"color: #008000;\">Ver\u0161e pro povzbuzen\u00ed <\/span>&#8211; \u010dte Alfr\u00e9d Strej\u010dek, hudba Petr H\u0159ib&nbsp;<\/p>\n<audio class=\"wp-audio-shortcode\" id=\"audio-1207-1\" preload=\"none\" style=\"width: 100%;\" controls=\"controls\"><source type=\"audio\/mpeg\" src=\"http:\/\/hrusovany.casd.cz\/wp-content\/uploads\/2021\/12\/Chvile-s-Bohem-Vers\u030ce-k-povzbuzeni\u0301.m4a?_=1\" \/><a href=\"http:\/\/hrusovany.casd.cz\/wp-content\/uploads\/2021\/12\/Chvile-s-Bohem-Vers\u030ce-k-povzbuzeni\u0301.m4a\">http:\/\/hrusovany.casd.cz\/wp-content\/uploads\/2021\/12\/Chvile-s-Bohem-Vers\u030ce-k-povzbuzeni\u0301.m4a<\/a><\/audio>\n<hr>\n<h4><span style=\"color: #008000;\"><span style=\"color: #800000;\">M\u016f\u017eete tak\u00e9 sledovat pobo\u017enosti online na n\u011bkter\u00fdch sborech. Nebo na&nbsp;<\/span> <a href=\"http:\/\/www.hopetv.cz\/\">HopeTV.cz.<\/a><\/span><\/h4>\n<p>&nbsp;<\/p>\n<p>&nbsp;<\/p>\n<p>&nbsp;<\/p>\n","protected":false},"excerpt":{"rendered":"<p>&nbsp; C\u00edrkev adventist\u016f sedm\u00e9ho dne &nbsp; &nbsp; &nbsp; &nbsp; &nbsp; P\u0159edev\u0161\u00edm st\u0159e\u017e a chra\u0148 sv\u00e9 srdce, v\u017edy\u0165 z n\u011bho vych\u00e1z\u00ed \u017eivot. P\u0159\u00edslov\u00ed 4:23 M\u00e1me v n\u011bho pevnou d\u016fv\u011bru, \u017ee n\u00e1s sly\u0161\u00ed, kdykoliv o n\u011bco po\u017e\u00e1d\u00e1me ve shod\u011b s jeho v\u016fl\u00ed. A v\u00edme-li, \u017ee n\u00e1s sly\u0161\u00ed, kdykoliv o n\u011bco \u017e\u00e1d\u00e1me, pak tak\u00e9 v\u00edme, \u017ee to, co &hellip; <a href=\"https:\/\/hrusovany.casd.cz\/\" class=\"more-link\">Pokra\u010dov\u00e1n\u00ed textu <span class=\"screen-reader-text\">\u00davodn\u00ed str\u00e1nka<\/span><\/a><\/p>\n","protected":false},"author":2,"featured_media":0,"parent":0,"menu_order":0,"comment_status":"closed","ping_status":"closed","template":"","meta":{"ngg_post_thumbnail":0,"footnotes":""},"class_list":["post-1207","page","type-page","status-publish","hentry"],"_links":{"self":[{"href":"https:\/\/hrusovany.casd.cz\/index.php\/wp-json\/wp\/v2\/pages\/1207","targetHints":{"allow":["GET"]}}],"collection":[{"href":"https:\/\/hrusovany.casd.cz\/index.php\/wp-json\/wp\/v2\/pages"}],"about":[{"href":"https:\/\/hrusovany.casd.cz\/index.php\/wp-json\/wp\/v2\/types\/page"}],"author":[{"embeddable":true,"href":"https:\/\/hrusovany.casd.cz\/index.php\/wp-json\/wp\/v2\/users\/2"}],"replies":[{"embeddable":true,"href":"https:\/\/hrusovany.casd.cz\/index.php\/wp-json\/wp\/v2\/comments?post=1207"}],"version-history":[{"count":5,"href":"https:\/\/hrusovany.casd.cz\/index.php\/wp-json\/wp\/v2\/pages\/1207\/revisions"}],"predecessor-version":[{"id":2145,"href":"https:\/\/hrusovany.casd.cz\/index.php\/wp-json\/wp\/v2\/pages\/1207\/revisions\/2145"}],"wp:attachment":[{"href":"https:\/\/hrusovany.casd.cz\/index.php\/wp-json\/wp\/v2\/media?parent=1207"}],"curies":[{"name":"wp","href":"https:\/\/api.w.org\/{rel}","templated":true}]}}